{"id":5013,"date":"2023-01-02T19:12:45","date_gmt":"2023-01-02T18:12:45","guid":{"rendered":"https:\/\/gminawierzbno.pl\/bip\/?page_id=5013"},"modified":"2025-03-18T21:33:20","modified_gmt":"2025-03-18T20:33:20","slug":"deklaracja-dostepnosci","status":"publish","type":"page","link":"https:\/\/gminawierzbno.pl\/bip\/deklaracja-dostepnosci\/","title":{"rendered":"Deklaracja dost\u0119pno\u015bci"},"content":{"rendered":"<p>Urz\u0105d Gminy w Wierzbnie zobowi\u0105zuje si\u0119 zapewni\u0107 dost\u0119pno\u015b\u0107 swojej strony internetowej zgodnie z przepisami ustawy z dnia 4 kwietnia 2019 r. o dost\u0119pno\u015bci cyfrowej stron internetowych i aplikacji mobilnych podmiot\u00f3w publicznych. O\u015bwiadczenie w sprawie dost\u0119pno\u015bci ma zastosowanie do podmiotowej strony Biuletynu Informacji Publicznej- BIP- Urz\u0119du Gminy w Wierzbnie.<\/p>\n<p>Data publikacji strony internetowej: 26.06.2003 r.<br \/>\nData ostatniej istotnej aktualizacji: 30.03.2021 r.<\/p>\n<h4>Status pod wzgl\u0119dem zgodno\u015bci z ustaw\u0105<\/h4>\n<p>Strona internetowa Urz\u0119du Gminy w Wierzbnie jest cz\u0119\u015bciowo zgodna z ustaw\u0105 z dnia 4 kwietnia 2019 r. o dost\u0119pno\u015bci cyfrowej stron internetowych i aplikacji mobilnych podmiot\u00f3w publicznych z powodu niezgodno\u015bci lub wy\u0142\u0105cze\u0144 wymienionych poni\u017cej:<\/p>\n<ul>\n<li>Materia\u0142y zosta\u0142y opublikowane przed wej\u015bciem w \u017cycie ustawy o dost\u0119pno\u015bci cyfrowej.<\/li>\n<li>Wy\u0142\u0105czenia z przyczyn technicznych.<\/li>\n<li>Mapy s\u0105 wy\u0142\u0105czone z obowi\u0105zku dost\u0119pno\u015bci.<\/li>\n<\/ul>\n<h4>Data sporz\u0105dzenia deklaracji i metoda oceny dost\u0119pno\u015bci cyfrowej<\/h4>\n<p>O\u015bwiadczenie sporz\u0105dzono dnia: 29.03.2021 r. Deklaracj\u0119 sporz\u0105dzono na podstawie samooceny przeprowadzonej przez podmiot publiczny oraz skorzystano z dost\u0119pnego narz\u0119dzia do oceny strony Test \u2013 European Internet InclusionInituiative, (pod adresem internetowym: http:\/\/checkers.eiii.eu\/), z kt\u00f3rego wynika, \u017ce: strona internetowa : http:\/\/bip.gminawierzbno.pl\/ spe\u0142nia wymagania w 100,00.% Na stronie internetowej mo\u017cna korzysta\u0107 ze standardowych skr\u00f3t\u00f3w klawiaturowych.<\/p>\n<p><strong>Informacje zwrotne i dane kontaktowe:<\/strong><\/p>\n<p>Urz\u0105d Gminy w Wierzbnie, Wierzbno 90, 07-111 Wierzbno. W przypadku problem\u00f3w z dost\u0119pno\u015bci\u0105 strony internetowej prosimy o kontakt. Osob\u0105 do kontaktu jest Monika Po\u0142aska adres poczty elektronicznej m.polaska@gminawierzbno.pl Kontaktowa\u0107 mo\u017cna si\u0119 tak\u017ce dzwoni\u0105c na numer telefonu 25 793 44 95 wew 35. T\u0105 sam\u0105 drog\u0105 mo\u017cna sk\u0142ada\u0107 wnioski o udost\u0119pnienie informacji niedost\u0119pnej oraz sk\u0142ada\u0107 skargi na brak zapewnienia dost\u0119pno\u015bci wed\u0142ug ni\u017cej zamieszczonej procedury.<\/p>\n<p><strong>Informacje na temat procedury sk\u0142adania skarg na brak dost\u0119pno\u015bci:<\/strong><\/p>\n<p>Ka\u017cdy ma prawo do wyst\u0105pienia z \u017c\u0105daniem zapewnienia dost\u0119pno\u015bci cyfrowej strony internetowej, aplikacji mobilnej lub jakiego\u015b ich elementu. Mo\u017cna tak\u017ce za\u017c\u0105da\u0107 udost\u0119pnienia informacji za pomoc\u0105 alternatywnego sposobu dost\u0119pu, na przyk\u0142ad przez odczytanie niedost\u0119pnego cyfrowo dokumentu, opisanie zawarto\u015bci filmu bez audiodeskrypcji itp. \u017b\u0105danie powinno zawiera\u0107 dane osoby zg\u0142aszaj\u0105cej \u017c\u0105danie, wskazanie, o kt\u00f3r\u0105 stron\u0119 internetow\u0105 lub aplikacj\u0119 mobiln\u0105 chodzi oraz spos\u00f3b kontaktu. Je\u017celi osoba \u017c\u0105daj\u0105ca zg\u0142asza potrzeb\u0119 otrzymania informacji za pomoc\u0105 alternatywnego sposobu dost\u0119pu, powinna tak\u017ce okre\u015bli\u0107 dogodny dla niej spos\u00f3b oraz form\u0119 tej informacji. Podmiot publiczny powinien zrealizowa\u0107 \u017c\u0105danie niezw\u0142ocznie, nie p\u00f3\u017aniej ni\u017c w ci\u0105gu 7 dni. Je\u017celi dotrzymanie tego terminu nie jest mo\u017cliwe, podmiot publiczny niezw\u0142ocznie informuje o tym wnosz\u0105cego \u017c\u0105danie, kiedy realizacja \u017c\u0105dania b\u0119dzie mo\u017cliwa, przy czym termin ten nie mo\u017ce by\u0107 d\u0142u\u017cszy ni\u017c 2 miesi\u0105ce. Je\u017celi zapewnienie dost\u0119pno\u015bci nie jest mo\u017cliwe, podmiot publiczny mo\u017ce zaproponowa\u0107 alternatywny spos\u00f3b dost\u0119pu do informacji. W przypadku gdy podmiot publiczny odm\u00f3wi realizacji \u017c\u0105dania zapewnienia dost\u0119pno\u015bci lub alternatywnego dost\u0119pu do informacji, wnosz\u0105cy \u017c\u0105danie mo\u017cne z\u0142o\u017cy\u0107 skarg\u0119 w sprawie zapewnienia dost\u0119pno\u015bci cyfrowej strony internetowej, aplikacji mobilnej lub elementu strony internetowej lub aplikacji mobilnej. Po wyczerpaniu wskazanej wy\u017cej procedury mo\u017cna tak\u017ce z\u0142o\u017cy\u0107 wniosek do Rzecznika Praw Obywatelskich:: www.rpo.gov.pl<\/p>\n<h4>Dost\u0119pno\u015b\u0107 architektoniczna<\/h4>\n<p>Budynek Urz\u0119du Gminy w Wierzbnie jest obiektem dwukondygnacyjnym z poddaszem u\u017cytkowym. Do budynku prowadzi jedno g\u0142\u00f3wne wej\u015bcie, kt\u00f3re posiada podjazd pozwalaj\u0105cy na swobodny wjazd w\u00f3zkiem inwalidzkim oraz por\u0119cz i zadaszenie. Drzwi do budynku dostosowane s\u0105 szeroko\u015bci\u0105 dla os\u00f3b niepe\u0142nosprawnych ruchowo np. dla os\u00f3b na w\u00f3zkach inwalidzkich. Przed wej\u015bciem g\u0142\u00f3wnym, na \u015bcianie, po prawej stronie, na zewn\u0105trz budynku, zlokalizowany jest domofon, za pomoc\u0105 kt\u00f3rego osoby ze szczeg\u00f3lnymi potrzebami mog\u0105 wezwa\u0107 pracownika sekretariatu, kt\u00f3ry udzieli niezb\u0119dnej pomocy, np. wska\u017ce miejsce i spos\u00f3b za\u0142atwienia spraw w urz\u0119dzie, poprosi pracownika merytorycznego w celu obs\u0142u\u017cenia w miejscu do tego wyznaczonym na parterze budynku. Dost\u0119p na pi\u0119tra budynku zapewniaj\u0105 schody wyposa\u017cone w por\u0119cze, brak windy. W indywidualnych przypadkach mo\u017cliwy jest dost\u0119p alternatywny czyli praca Urz\u0119du zorganizowana jest tak, aby zdecydowana wi\u0119kszo\u015b\u0107 spraw, z kt\u00f3rymi zg\u0142aszaj\u0105 si\u0119 mieszka\u0144cy, za\u0142atwiana by\u0142a na parterze. Na parterze i pierwszym pi\u0119trze budynku zlokalizowane s\u0105 toalety, kt\u00f3re nie s\u0105 przystosowane dla os\u00f3b niepe\u0142nosprawnych ruchowo. Przy budynku Urz\u0119du Gminy nie ma wydzielonych miejsc parkingowych dla os\u00f3b niepe\u0142nosprawnych. W budynku nie ma oznacze\u0144 w alfabecie Brajla ani oznacze\u0144 kontrastowych lub w druku powi\u0119kszonym dla os\u00f3b niewidomych i s\u0142abowidz\u0105cych. Nie ma r\u00f3wnie\u017c urz\u0105dze\u0144 dla os\u00f3b z wadami s\u0142uchu, informacji g\u0142osowych, p\u0119tli indukcyjnej. W Urz\u0119dzie Gminy nie ma mo\u017cliwo\u015bci skorzystania z t\u0142umacza j\u0119zyka migowego na miejscu. Aby skorzysta\u0107 z po\u015brednictwa t\u0142umacza prosimy o powiadomienie Urz\u0119du z wyprzedzeniem i um\u00f3wienie si\u0119 na wizyt\u0119. Do budynku i wszystkich jego pomieszcze\u0144 mo\u017cna wej\u015b\u0107 z psem asystuj\u0105cym i psem przewodnikiem.<\/p>\n<!-- WP Attachments -->\r\n        <div style=\"width:100%;margin:10px 0 10px 0;\">\r\n            <h3>Za\u0142\u0105czniki<\/h3>\r\n        <ul class=\"post-attachments\"><li class=\"post-attachment mime-application-pdf\"><a href=\"https:\/\/gminawierzbno.pl\/bip\/deklaracja-dostepnosci\/?download=9329\">Raport o stanie dost\u0119pno\u015bci 2025<\/a> <small>(144 kB)<\/small> <div style=\"float:right;\">2025.03.18 21:33<\/div><\/li><li class=\"post-attachment mime-application-pdf\"><a href=\"https:\/\/gminawierzbno.pl\/bip\/deklaracja-dostepnosci\/?download=5349\">Deklaracja dost\u0119pno\u015bci<\/a> <small>(219 kB)<\/small> <div style=\"float:right;\">2023.01.03 12:21<\/div><\/li><\/ul><\/div>","protected":false},"excerpt":{"rendered":"<p>Urz\u0105d Gminy w Wierzbnie zobowi\u0105zuje si\u0119 zapewni\u0107 dost\u0119pno\u015b\u0107 swojej strony internetowej zgodnie z przepisami ustawy z dnia 4 kwietnia 2019 r. o dost\u0119pno\u015bci cyfrowej stron internetowych i aplikacji mobilnych podmiot\u00f3w publicznych. O\u015bwiadczenie w sprawie dost\u0119pno\u015bci ma zastosowanie do podmiotowej strony Biuletynu Informacji Publicznej- BIP- Urz\u0119du Gminy w Wierzbnie. Data publikacji strony internetowej: 26.06.2003 r. Data [&hellip;]<\/p>\n","protected":false},"author":1,"featured_media":0,"parent":0,"menu_order":0,"comment_status":"closed","ping_status":"closed","template":"","meta":{"_acf_changed":false,"footnotes":""},"acf":[],"yoast_head":"<!-- This site is optimized with the Yoast SEO plugin v24.1 - https:\/\/yoast.com\/wordpress\/plugins\/seo\/ -->\n<title>Deklaracja dost\u0119pno\u015bci - Biuletyn Informacji Publicznej<\/title>\n<meta name=\"robots\" content=\"index, follow, max-snippet:-1, max-image-preview:large, max-video-preview:-1\" \/>\n<link rel=\"canonical\" href=\"https:\/\/gminawierzbno.pl\/bip\/deklaracja-dostepnosci\/\" \/>\n<meta property=\"og:locale\" content=\"pl_PL\" \/>\n<meta property=\"og:type\" content=\"article\" \/>\n<meta property=\"og:title\" content=\"Deklaracja dost\u0119pno\u015bci - Biuletyn Informacji Publicznej\" \/>\n<meta property=\"og:description\" content=\"Urz\u0105d Gminy w Wierzbnie zobowi\u0105zuje si\u0119 zapewni\u0107 dost\u0119pno\u015b\u0107 swojej strony internetowej zgodnie z przepisami ustawy z dnia 4 kwietnia 2019 r. o dost\u0119pno\u015bci cyfrowej stron internetowych i aplikacji mobilnych podmiot\u00f3w publicznych. O\u015bwiadczenie w sprawie dost\u0119pno\u015bci ma zastosowanie do podmiotowej strony Biuletynu Informacji Publicznej- BIP- Urz\u0119du Gminy w Wierzbnie. Data publikacji strony internetowej: 26.06.2003 r. Data [&hellip;]\" \/>\n<meta property=\"og:url\" content=\"https:\/\/gminawierzbno.pl\/bip\/deklaracja-dostepnosci\/\" \/>\n<meta property=\"og:site_name\" content=\"Biuletyn Informacji Publicznej\" \/>\n<meta property=\"article:modified_time\" content=\"2025-03-18T20:33:20+00:00\" \/>\n<meta name=\"twitter:card\" content=\"summary_large_image\" \/>\n<meta name=\"twitter:label1\" content=\"Szacowany czas czytania\" \/>\n\t<meta name=\"twitter:data1\" content=\"5 minut\" \/>\n<script type=\"application\/ld+json\" class=\"yoast-schema-graph\">{\"@context\":\"https:\/\/schema.org\",\"@graph\":[{\"@type\":\"WebPage\",\"@id\":\"https:\/\/gminawierzbno.pl\/bip\/deklaracja-dostepnosci\/\",\"url\":\"https:\/\/gminawierzbno.pl\/bip\/deklaracja-dostepnosci\/\",\"name\":\"Deklaracja dost\u0119pno\u015bci - Biuletyn Informacji Publicznej\",\"isPartOf\":{\"@id\":\"https:\/\/gminawierzbno.pl\/bip\/#website\"},\"datePublished\":\"2023-01-02T18:12:45+00:00\",\"dateModified\":\"2025-03-18T20:33:20+00:00\",\"breadcrumb\":{\"@id\":\"https:\/\/gminawierzbno.pl\/bip\/deklaracja-dostepnosci\/#breadcrumb\"},\"inLanguage\":\"pl-PL\",\"potentialAction\":[{\"@type\":\"ReadAction\",\"target\":[\"https:\/\/gminawierzbno.pl\/bip\/deklaracja-dostepnosci\/\"]}]},{\"@type\":\"BreadcrumbList\",\"@id\":\"https:\/\/gminawierzbno.pl\/bip\/deklaracja-dostepnosci\/#breadcrumb\",\"itemListElement\":[{\"@type\":\"ListItem\",\"position\":1,\"name\":\"Strona g\u0142\u00f3wna\",\"item\":\"https:\/\/gminawierzbno.pl\/bip\/\"},{\"@type\":\"ListItem\",\"position\":2,\"name\":\"Deklaracja dost\u0119pno\u015bci\"}]},{\"@type\":\"WebSite\",\"@id\":\"https:\/\/gminawierzbno.pl\/bip\/#website\",\"url\":\"https:\/\/gminawierzbno.pl\/bip\/\",\"name\":\"Biuletyn Informacji Publicznej\",\"description\":\"Urz\u0105d Gminy Wierzbno\",\"publisher\":{\"@id\":\"https:\/\/gminawierzbno.pl\/bip\/#organization\"},\"potentialAction\":[{\"@type\":\"SearchAction\",\"target\":{\"@type\":\"EntryPoint\",\"urlTemplate\":\"https:\/\/gminawierzbno.pl\/bip\/?s={search_term_string}\"},\"query-input\":{\"@type\":\"PropertyValueSpecification\",\"valueRequired\":true,\"valueName\":\"search_term_string\"}}],\"inLanguage\":\"pl-PL\"},{\"@type\":\"Organization\",\"@id\":\"https:\/\/gminawierzbno.pl\/bip\/#organization\",\"name\":\"Urz\u0105d Gminy Wierzbno\",\"url\":\"https:\/\/gminawierzbno.pl\/bip\/\",\"logo\":{\"@type\":\"ImageObject\",\"inLanguage\":\"pl-PL\",\"@id\":\"https:\/\/gminawierzbno.pl\/bip\/#\/schema\/logo\/image\/\",\"url\":\"https:\/\/gminawierzbno.pl\/bip\/wp-content\/uploads\/sites\/2\/2022\/12\/desktop_logo.png\",\"contentUrl\":\"https:\/\/gminawierzbno.pl\/bip\/wp-content\/uploads\/sites\/2\/2022\/12\/desktop_logo.png\",\"width\":301,\"height\":143,\"caption\":\"Urz\u0105d Gminy Wierzbno\"},\"image\":{\"@id\":\"https:\/\/gminawierzbno.pl\/bip\/#\/schema\/logo\/image\/\"}}]}<\/script>\n<!-- \/ Yoast SEO plugin. -->","yoast_head_json":{"title":"Deklaracja dost\u0119pno\u015bci - Biuletyn Informacji Publicznej","robots":{"index":"index","follow":"follow","max-snippet":"max-snippet:-1","max-image-preview":"max-image-preview:large","max-video-preview":"max-video-preview:-1"},"canonical":"https:\/\/gminawierzbno.pl\/bip\/deklaracja-dostepnosci\/","og_locale":"pl_PL","og_type":"article","og_title":"Deklaracja dost\u0119pno\u015bci - Biuletyn Informacji Publicznej","og_description":"Urz\u0105d Gminy w Wierzbnie zobowi\u0105zuje si\u0119 zapewni\u0107 dost\u0119pno\u015b\u0107 swojej strony internetowej zgodnie z przepisami ustawy z dnia 4 kwietnia 2019 r. o dost\u0119pno\u015bci cyfrowej stron internetowych i aplikacji mobilnych podmiot\u00f3w publicznych. O\u015bwiadczenie w sprawie dost\u0119pno\u015bci ma zastosowanie do podmiotowej strony Biuletynu Informacji Publicznej- BIP- Urz\u0119du Gminy w Wierzbnie. Data publikacji strony internetowej: 26.06.2003 r. Data [&hellip;]","og_url":"https:\/\/gminawierzbno.pl\/bip\/deklaracja-dostepnosci\/","og_site_name":"Biuletyn Informacji Publicznej","article_modified_time":"2025-03-18T20:33:20+00:00","twitter_card":"summary_large_image","twitter_misc":{"Szacowany czas czytania":"5 minut"},"schema":{"@context":"https:\/\/schema.org","@graph":[{"@type":"WebPage","@id":"https:\/\/gminawierzbno.pl\/bip\/deklaracja-dostepnosci\/","url":"https:\/\/gminawierzbno.pl\/bip\/deklaracja-dostepnosci\/","name":"Deklaracja dost\u0119pno\u015bci - Biuletyn Informacji Publicznej","isPartOf":{"@id":"https:\/\/gminawierzbno.pl\/bip\/#website"},"datePublished":"2023-01-02T18:12:45+00:00","dateModified":"2025-03-18T20:33:20+00:00","breadcrumb":{"@id":"https:\/\/gminawierzbno.pl\/bip\/deklaracja-dostepnosci\/#breadcrumb"},"inLanguage":"pl-PL","potentialAction":[{"@type":"ReadAction","target":["https:\/\/gminawierzbno.pl\/bip\/deklaracja-dostepnosci\/"]}]},{"@type":"BreadcrumbList","@id":"https:\/\/gminawierzbno.pl\/bip\/deklaracja-dostepnosci\/#breadcrumb","itemListElement":[{"@type":"ListItem","position":1,"name":"Strona g\u0142\u00f3wna","item":"https:\/\/gminawierzbno.pl\/bip\/"},{"@type":"ListItem","position":2,"name":"Deklaracja dost\u0119pno\u015bci"}]},{"@type":"WebSite","@id":"https:\/\/gminawierzbno.pl\/bip\/#website","url":"https:\/\/gminawierzbno.pl\/bip\/","name":"Biuletyn Informacji Publicznej","description":"Urz\u0105d Gminy Wierzbno","publisher":{"@id":"https:\/\/gminawierzbno.pl\/bip\/#organization"},"potentialAction":[{"@type":"SearchAction","target":{"@type":"EntryPoint","urlTemplate":"https:\/\/gminawierzbno.pl\/bip\/?s={search_term_string}"},"query-input":{"@type":"PropertyValueSpecification","valueRequired":true,"valueName":"search_term_string"}}],"inLanguage":"pl-PL"},{"@type":"Organization","@id":"https:\/\/gminawierzbno.pl\/bip\/#organization","name":"Urz\u0105d Gminy Wierzbno","url":"https:\/\/gminawierzbno.pl\/bip\/","logo":{"@type":"ImageObject","inLanguage":"pl-PL","@id":"https:\/\/gminawierzbno.pl\/bip\/#\/schema\/logo\/image\/","url":"https:\/\/gminawierzbno.pl\/bip\/wp-content\/uploads\/sites\/2\/2022\/12\/desktop_logo.png","contentUrl":"https:\/\/gminawierzbno.pl\/bip\/wp-content\/uploads\/sites\/2\/2022\/12\/desktop_logo.png","width":301,"height":143,"caption":"Urz\u0105d Gminy Wierzbno"},"image":{"@id":"https:\/\/gminawierzbno.pl\/bip\/#\/schema\/logo\/image\/"}}]}},"_links":{"self":[{"href":"https:\/\/gminawierzbno.pl\/bip\/wp-json\/wp\/v2\/pages\/5013"}],"collection":[{"href":"https:\/\/gminawierzbno.pl\/bip\/wp-json\/wp\/v2\/pages"}],"about":[{"href":"https:\/\/gminawierzbno.pl\/bip\/wp-json\/wp\/v2\/types\/page"}],"author":[{"embeddable":true,"href":"https:\/\/gminawierzbno.pl\/bip\/wp-json\/wp\/v2\/users\/1"}],"replies":[{"embeddable":true,"href":"https:\/\/gminawierzbno.pl\/bip\/wp-json\/wp\/v2\/comments?post=5013"}],"version-history":[{"count":3,"href":"https:\/\/gminawierzbno.pl\/bip\/wp-json\/wp\/v2\/pages\/5013\/revisions"}],"predecessor-version":[{"id":5348,"href":"https:\/\/gminawierzbno.pl\/bip\/wp-json\/wp\/v2\/pages\/5013\/revisions\/5348"}],"wp:attachment":[{"href":"https:\/\/gminawierzbno.pl\/bip\/wp-json\/wp\/v2\/media?parent=5013"}],"curies":[{"name":"wp","href":"https:\/\/api.w.org\/{rel}","templated":true}]}}