{"id":11,"date":"2022-12-02T20:08:50","date_gmt":"2022-12-02T19:08:50","guid":{"rendered":"https:\/\/gminawierzbno.pl\/bip\/?p=11"},"modified":"2023-01-09T11:21:03","modified_gmt":"2023-01-09T10:21:03","slug":"instrukcja-obslugi-bip","status":"publish","type":"page","link":"https:\/\/gminawierzbno.pl\/bip\/instrukcja-obslugi-bip\/","title":{"rendered":"Instrukcja obs\u0142ugi BIP"},"content":{"rendered":"<div class=\"wpb-content-wrapper\"><p>[vc_row][vc_column][vc_column_text css=&#8221;.vc_custom_1673259661421{margin-top: 20px !important;margin-bottom: 20px !important;}&#8221;]W naszym Biuletynie Informacji Publicznej (BIP) publikujemy informacje dotycz\u0105ce<br \/>\nprowadzonej przez nasz\u0105 organizacj\u0119 dzia\u0142alno\u015bci po\u017cytku publicznego, w tym tej finansowanej ze \u015brodk\u00f3w publicznych.<\/p>\n<p>Aby odnale\u017a\u0107 poszukiwane informacje, przejd\u017a na stron\u0119 g\u0142\u00f3wn\u0105 naszego BIP i:<\/p>\n<ol>\n<li>skorzystaj z wyszukiwarki, wpisuj\u0105c odpowiedni\u0105 fraz\u0119 w pole u g\u00f3ry strony, lub<\/li>\n<li>skorzystaj z odno\u015bnik\u00f3w znajduj\u0105cych si\u0119 na stronie.<\/li>\n<\/ol>\n<p>Je\u015bli nie znajdziesz poszukiwanej informacji w BIP, skontaktuj si\u0119 z nami, korzystaj\u0105c z adresu mailowego lub numeru telefonu podanego na stronie.[\/vc_column_text][\/vc_column][\/vc_row]<\/p>\n<\/div>","protected":false},"excerpt":{"rendered":"<p>[vc_row][vc_column][vc_column_text css=&#8221;.vc_custom_1673259661421{margin-top: 20px !important;margin-bottom: 20px !important;}&#8221;]W naszym Biuletynie Informacji Publicznej (BIP) publikujemy informacje dotycz\u0105ce prowadzonej przez nasz\u0105 organizacj\u0119 dzia\u0142alno\u015bci po\u017cytku publicznego, w tym tej finansowanej ze \u015brodk\u00f3w publicznych. Aby odnale\u017a\u0107 poszukiwane informacje, przejd\u017a na stron\u0119 g\u0142\u00f3wn\u0105 naszego BIP i: skorzystaj z wyszukiwarki, wpisuj\u0105c odpowiedni\u0105 fraz\u0119 w pole u g\u00f3ry strony, lub skorzystaj z odno\u015bnik\u00f3w znajduj\u0105cych [&hellip;]<\/p>\n","protected":false},"author":1,"featured_media":0,"parent":0,"menu_order":0,"comment_status":"closed","ping_status":"closed","template":"","meta":{"_acf_changed":false,"footnotes":""},"acf":[],"yoast_head":"<!-- This site is optimized with the Yoast SEO plugin v24.1 - https:\/\/yoast.com\/wordpress\/plugins\/seo\/ -->\n<title>Instrukcja obs\u0142ugi BIP - Biuletyn Informacji Publicznej<\/title>\n<meta name=\"robots\" content=\"index, follow, max-snippet:-1, max-image-preview:large, max-video-preview:-1\" \/>\n<link rel=\"canonical\" href=\"https:\/\/gminawierzbno.pl\/bip\/instrukcja-obslugi-bip\/\" \/>\n<meta property=\"og:locale\" content=\"pl_PL\" \/>\n<meta property=\"og:type\" content=\"article\" \/>\n<meta property=\"og:title\" content=\"Instrukcja obs\u0142ugi BIP - Biuletyn Informacji Publicznej\" \/>\n<meta property=\"og:description\" content=\"[vc_row][vc_column][vc_column_text css=&#8221;.vc_custom_1673259661421{margin-top: 20px !important;margin-bottom: 20px !important;}&#8221;]W naszym Biuletynie Informacji Publicznej (BIP) publikujemy informacje dotycz\u0105ce prowadzonej przez nasz\u0105 organizacj\u0119 dzia\u0142alno\u015bci po\u017cytku publicznego, w tym tej finansowanej ze \u015brodk\u00f3w publicznych. Aby odnale\u017a\u0107 poszukiwane informacje, przejd\u017a na stron\u0119 g\u0142\u00f3wn\u0105 naszego BIP i: skorzystaj z wyszukiwarki, wpisuj\u0105c odpowiedni\u0105 fraz\u0119 w pole u g\u00f3ry strony, lub skorzystaj z odno\u015bnik\u00f3w znajduj\u0105cych [&hellip;]\" \/>\n<meta property=\"og:url\" content=\"https:\/\/gminawierzbno.pl\/bip\/instrukcja-obslugi-bip\/\" \/>\n<meta property=\"og:site_name\" content=\"Biuletyn Informacji Publicznej\" \/>\n<meta property=\"article:modified_time\" content=\"2023-01-09T10:21:03+00:00\" \/>\n<meta name=\"twitter:card\" content=\"summary_large_image\" \/>\n<meta name=\"twitter:label1\" content=\"Szacowany czas czytania\" \/>\n\t<meta name=\"twitter:data1\" content=\"1 minuta\" \/>\n<script type=\"application\/ld+json\" class=\"yoast-schema-graph\">{\"@context\":\"https:\/\/schema.org\",\"@graph\":[{\"@type\":\"WebPage\",\"@id\":\"https:\/\/gminawierzbno.pl\/bip\/instrukcja-obslugi-bip\/\",\"url\":\"https:\/\/gminawierzbno.pl\/bip\/instrukcja-obslugi-bip\/\",\"name\":\"Instrukcja obs\u0142ugi BIP - Biuletyn Informacji Publicznej\",\"isPartOf\":{\"@id\":\"https:\/\/gminawierzbno.pl\/bip\/#website\"},\"datePublished\":\"2022-12-02T19:08:50+00:00\",\"dateModified\":\"2023-01-09T10:21:03+00:00\",\"breadcrumb\":{\"@id\":\"https:\/\/gminawierzbno.pl\/bip\/instrukcja-obslugi-bip\/#breadcrumb\"},\"inLanguage\":\"pl-PL\",\"potentialAction\":[{\"@type\":\"ReadAction\",\"target\":[\"https:\/\/gminawierzbno.pl\/bip\/instrukcja-obslugi-bip\/\"]}]},{\"@type\":\"BreadcrumbList\",\"@id\":\"https:\/\/gminawierzbno.pl\/bip\/instrukcja-obslugi-bip\/#breadcrumb\",\"itemListElement\":[{\"@type\":\"ListItem\",\"position\":1,\"name\":\"Strona g\u0142\u00f3wna\",\"item\":\"https:\/\/gminawierzbno.pl\/bip\/\"},{\"@type\":\"ListItem\",\"position\":2,\"name\":\"Instrukcja obs\u0142ugi BIP\"}]},{\"@type\":\"WebSite\",\"@id\":\"https:\/\/gminawierzbno.pl\/bip\/#website\",\"url\":\"https:\/\/gminawierzbno.pl\/bip\/\",\"name\":\"Biuletyn Informacji Publicznej\",\"description\":\"Urz\u0105d Gminy Wierzbno\",\"publisher\":{\"@id\":\"https:\/\/gminawierzbno.pl\/bip\/#organization\"},\"potentialAction\":[{\"@type\":\"SearchAction\",\"target\":{\"@type\":\"EntryPoint\",\"urlTemplate\":\"https:\/\/gminawierzbno.pl\/bip\/?s={search_term_string}\"},\"query-input\":{\"@type\":\"PropertyValueSpecification\",\"valueRequired\":true,\"valueName\":\"search_term_string\"}}],\"inLanguage\":\"pl-PL\"},{\"@type\":\"Organization\",\"@id\":\"https:\/\/gminawierzbno.pl\/bip\/#organization\",\"name\":\"Urz\u0105d Gminy Wierzbno\",\"url\":\"https:\/\/gminawierzbno.pl\/bip\/\",\"logo\":{\"@type\":\"ImageObject\",\"inLanguage\":\"pl-PL\",\"@id\":\"https:\/\/gminawierzbno.pl\/bip\/#\/schema\/logo\/image\/\",\"url\":\"https:\/\/gminawierzbno.pl\/bip\/wp-content\/uploads\/sites\/2\/2022\/12\/desktop_logo.png\",\"contentUrl\":\"https:\/\/gminawierzbno.pl\/bip\/wp-content\/uploads\/sites\/2\/2022\/12\/desktop_logo.png\",\"width\":301,\"height\":143,\"caption\":\"Urz\u0105d Gminy Wierzbno\"},\"image\":{\"@id\":\"https:\/\/gminawierzbno.pl\/bip\/#\/schema\/logo\/image\/\"}}]}<\/script>\n<!-- \/ Yoast SEO plugin. -->","yoast_head_json":{"title":"Instrukcja obs\u0142ugi BIP - Biuletyn Informacji Publicznej","robots":{"index":"index","follow":"follow","max-snippet":"max-snippet:-1","max-image-preview":"max-image-preview:large","max-video-preview":"max-video-preview:-1"},"canonical":"https:\/\/gminawierzbno.pl\/bip\/instrukcja-obslugi-bip\/","og_locale":"pl_PL","og_type":"article","og_title":"Instrukcja obs\u0142ugi BIP - Biuletyn Informacji Publicznej","og_description":"[vc_row][vc_column][vc_column_text css=&#8221;.vc_custom_1673259661421{margin-top: 20px !important;margin-bottom: 20px !important;}&#8221;]W naszym Biuletynie Informacji Publicznej (BIP) publikujemy informacje dotycz\u0105ce prowadzonej przez nasz\u0105 organizacj\u0119 dzia\u0142alno\u015bci po\u017cytku publicznego, w tym tej finansowanej ze \u015brodk\u00f3w publicznych. Aby odnale\u017a\u0107 poszukiwane informacje, przejd\u017a na stron\u0119 g\u0142\u00f3wn\u0105 naszego BIP i: skorzystaj z wyszukiwarki, wpisuj\u0105c odpowiedni\u0105 fraz\u0119 w pole u g\u00f3ry strony, lub skorzystaj z odno\u015bnik\u00f3w znajduj\u0105cych [&hellip;]","og_url":"https:\/\/gminawierzbno.pl\/bip\/instrukcja-obslugi-bip\/","og_site_name":"Biuletyn Informacji Publicznej","article_modified_time":"2023-01-09T10:21:03+00:00","twitter_card":"summary_large_image","twitter_misc":{"Szacowany czas czytania":"1 minuta"},"schema":{"@context":"https:\/\/schema.org","@graph":[{"@type":"WebPage","@id":"https:\/\/gminawierzbno.pl\/bip\/instrukcja-obslugi-bip\/","url":"https:\/\/gminawierzbno.pl\/bip\/instrukcja-obslugi-bip\/","name":"Instrukcja obs\u0142ugi BIP - Biuletyn Informacji Publicznej","isPartOf":{"@id":"https:\/\/gminawierzbno.pl\/bip\/#website"},"datePublished":"2022-12-02T19:08:50+00:00","dateModified":"2023-01-09T10:21:03+00:00","breadcrumb":{"@id":"https:\/\/gminawierzbno.pl\/bip\/instrukcja-obslugi-bip\/#breadcrumb"},"inLanguage":"pl-PL","potentialAction":[{"@type":"ReadAction","target":["https:\/\/gminawierzbno.pl\/bip\/instrukcja-obslugi-bip\/"]}]},{"@type":"BreadcrumbList","@id":"https:\/\/gminawierzbno.pl\/bip\/instrukcja-obslugi-bip\/#breadcrumb","itemListElement":[{"@type":"ListItem","position":1,"name":"Strona g\u0142\u00f3wna","item":"https:\/\/gminawierzbno.pl\/bip\/"},{"@type":"ListItem","position":2,"name":"Instrukcja obs\u0142ugi BIP"}]},{"@type":"WebSite","@id":"https:\/\/gminawierzbno.pl\/bip\/#website","url":"https:\/\/gminawierzbno.pl\/bip\/","name":"Biuletyn Informacji Publicznej","description":"Urz\u0105d Gminy Wierzbno","publisher":{"@id":"https:\/\/gminawierzbno.pl\/bip\/#organization"},"potentialAction":[{"@type":"SearchAction","target":{"@type":"EntryPoint","urlTemplate":"https:\/\/gminawierzbno.pl\/bip\/?s={search_term_string}"},"query-input":{"@type":"PropertyValueSpecification","valueRequired":true,"valueName":"search_term_string"}}],"inLanguage":"pl-PL"},{"@type":"Organization","@id":"https:\/\/gminawierzbno.pl\/bip\/#organization","name":"Urz\u0105d Gminy Wierzbno","url":"https:\/\/gminawierzbno.pl\/bip\/","logo":{"@type":"ImageObject","inLanguage":"pl-PL","@id":"https:\/\/gminawierzbno.pl\/bip\/#\/schema\/logo\/image\/","url":"https:\/\/gminawierzbno.pl\/bip\/wp-content\/uploads\/sites\/2\/2022\/12\/desktop_logo.png","contentUrl":"https:\/\/gminawierzbno.pl\/bip\/wp-content\/uploads\/sites\/2\/2022\/12\/desktop_logo.png","width":301,"height":143,"caption":"Urz\u0105d Gminy Wierzbno"},"image":{"@id":"https:\/\/gminawierzbno.pl\/bip\/#\/schema\/logo\/image\/"}}]}},"_links":{"self":[{"href":"https:\/\/gminawierzbno.pl\/bip\/wp-json\/wp\/v2\/pages\/11"}],"collection":[{"href":"https:\/\/gminawierzbno.pl\/bip\/wp-json\/wp\/v2\/pages"}],"about":[{"href":"https:\/\/gminawierzbno.pl\/bip\/wp-json\/wp\/v2\/types\/page"}],"author":[{"embeddable":true,"href":"https:\/\/gminawierzbno.pl\/bip\/wp-json\/wp\/v2\/users\/1"}],"replies":[{"embeddable":true,"href":"https:\/\/gminawierzbno.pl\/bip\/wp-json\/wp\/v2\/comments?post=11"}],"version-history":[{"count":2,"href":"https:\/\/gminawierzbno.pl\/bip\/wp-json\/wp\/v2\/pages\/11\/revisions"}],"predecessor-version":[{"id":6232,"href":"https:\/\/gminawierzbno.pl\/bip\/wp-json\/wp\/v2\/pages\/11\/revisions\/6232"}],"wp:attachment":[{"href":"https:\/\/gminawierzbno.pl\/bip\/wp-json\/wp\/v2\/media?parent=11"}],"curies":[{"name":"wp","href":"https:\/\/api.w.org\/{rel}","templated":true}]}}